{"id":94,"date":"2022-10-31T11:08:57","date_gmt":"2022-10-31T11:08:57","guid":{"rendered":"https:\/\/haertlingen.de\/?page_id=94"},"modified":"2024-06-09T07:28:37","modified_gmt":"2024-06-09T07:28:37","slug":"neubaugebiet-im-grund","status":"publish","type":"page","link":"https:\/\/haertlingen.de\/?page_id=94","title":{"rendered":"Neubaugebiet  &#8222;Im Grund&#8220;"},"content":{"rendered":"\n<p>Das Neubaugebiet \u201eIm Grund\u201c besteht seit 2001 und liegt s\u00fcd\u00f6stlich vom Ortskern. Der erste Bauabschnitt wurde im Jahr 2001 \/ 2002 erschlossen und der 2. Bauabschnitt wurde im Jahr  2023 teilerschlossen. Die Ortsgemeinde bietet ca. 12 Wohnbaugrundst\u00fccke zum Verkauf an.<\/p>\n\n\n\n<p>Die aktuellen Kosten f\u00fcr ein Grundst\u00fcck stellen sich folgend zusammen:<\/p>\n\n\n\n<p><strong>Grund und Boden:<\/strong><\/p>\n\n\n\n<p>40,00 \u20ac\/m\u00b2<\/p>\n\n\n\n<p>F\u00fcr H\u00e4rtlinger B\u00fcrgerinnen und B\u00fcrger, welche mindestens 5 Jahre in der Gemeinde gewohnt haben 28,00 \u20ac\/m\u00b2.<\/p>\n\n\n\n<p><strong>Kompensationskosten (Ausgleichfl\u00e4chen f\u00fcr die Natur):<\/strong><\/p>\n\n\n\n<p>1,13 \u20ac\/m\u00b2<\/p>\n\n\n\n<p><strong>Erschlie\u00dfungsgeb\u00fchren:<\/strong><\/p>\n\n\n\n<p>Der 2. Bauabschnitt ist noch nicht endg\u00fcltig erschlossen.<br>Die erste Vorausleistung f\u00fcr die Erschlie\u00dfung betr\u00e4gt 30,66 \u20ac\/m\u00b2<\/p>\n\n\n\n<p><strong>Sonstige Kosten:<\/strong><\/p>\n\n\n\n<p>Wasseranschlusspauschale        1.498,00 \u20ac<br>Abwasseranschlusspauschale   1.800,00 \u20ac<\/p>\n\n\n\n<p>Zzgl. Notarkosten, Grunderwerbsteuer, etc.<\/p>\n\n\n\n<div class=\"wp-block-group\"><div class=\"wp-block-group__inner-container is-layout-flow wp-block-group-is-layout-flow\">\n<p><strong>Download:<\/strong><\/p>\n\n\n\n<p class=\"has-vivid-cyan-blue-color has-text-color\"><a href=\"https:\/\/haertlingen.de\/wp-content\/uploads\/2024\/06\/2024-05-08-Baugrundstuecke-2.-BA.pdf\" target=\"_blank\" rel=\"noreferrer noopener\"><em>Baugrundst\u00fccke Im Grund 2. BA<\/em><\/a><\/p>\n\n\n\n<p class=\"has-vivid-cyan-blue-color has-text-color\"><em><a rel=\"noreferrer noopener\" href=\"https:\/\/haertlingen.de\/wp-content\/uploads\/2022\/11\/2001-im-grund-textfestsetzung.pdf\" target=\"_blank\">Bebauungsplan Im Grund 2001 Textfassung<\/a><\/em><\/p>\n\n\n\n<p class=\"has-vivid-cyan-blue-color has-text-color\"><a rel=\"noreferrer noopener\" href=\"https:\/\/haertlingen.de\/wp-content\/uploads\/2022\/11\/2001-im-grund-planzeichnung.pdf\" target=\"_blank\"><em>Bebauungsplan Im Grund 2001 Planzeichnung<\/em><\/a><br><\/p>\n<\/div><\/div>\n","protected":false},"excerpt":{"rendered":"<p>Das Neubaugebiet \u201eIm Grund\u201c besteht seit 2001 und liegt s\u00fcd\u00f6stlich vom Ortskern. Der erste Bauabschnitt wurde im Jahr 2001 \/ 2002 erschlossen und der 2. Bauabschnitt wurde im Jahr 2023 teilerschlossen. Die Ortsgemeinde bietet ca. 12 Wohnbaugrundst\u00fccke zum Verkauf an. Die aktuellen Kosten f\u00fcr ein Grundst\u00fcck stellen sich folgend zusammen: Grund und Boden: 40,00 \u20ac\/m\u00b2 &hellip; <\/p>\n<p class=\"link-more\"><a href=\"https:\/\/haertlingen.de\/?page_id=94\" class=\"more-link\"><span class=\"screen-reader-text\">\u201eNeubaugebiet  &#8222;Im Grund&#8220;\u201c<\/span> weiterlesen<\/a><\/p>\n","protected":false},"author":1,"featured_media":0,"parent":0,"menu_order":0,"comment_status":"closed","ping_status":"closed","template":"","meta":{"footnotes":""},"_links":{"self":[{"href":"https:\/\/haertlingen.de\/index.php?rest_route=\/wp\/v2\/pages\/94"}],"collection":[{"href":"https:\/\/haertlingen.de\/index.php?rest_route=\/wp\/v2\/pages"}],"about":[{"href":"https:\/\/haertlingen.de\/index.php?rest_route=\/wp\/v2\/types\/page"}],"author":[{"embeddable":true,"href":"https:\/\/haertlingen.de\/index.php?rest_route=\/wp\/v2\/users\/1"}],"replies":[{"embeddable":true,"href":"https:\/\/haertlingen.de\/index.php?rest_route=%2Fwp%2Fv2%2Fcomments&post=94"}],"version-history":[{"count":11,"href":"https:\/\/haertlingen.de\/index.php?rest_route=\/wp\/v2\/pages\/94\/revisions"}],"predecessor-version":[{"id":239,"href":"https:\/\/haertlingen.de\/index.php?rest_route=\/wp\/v2\/pages\/94\/revisions\/239"}],"wp:attachment":[{"href":"https:\/\/haertlingen.de\/index.php?rest_route=%2Fwp%2Fv2%2Fmedia&parent=94"}],"curies":[{"name":"wp","href":"https:\/\/api.w.org\/{rel}","templated":true}]}}