{"id":24,"date":"2022-07-12T07:52:58","date_gmt":"2022-07-12T07:52:58","guid":{"rendered":"https:\/\/haertlingen.de\/?page_id=24"},"modified":"2022-10-31T08:09:22","modified_gmt":"2022-10-31T08:09:22","slug":"ueber-uns","status":"publish","type":"page","link":"https:\/\/haertlingen.de\/?page_id=24","title":{"rendered":"\u00dcber die Gemeinde"},"content":{"rendered":"\n<p>Die Ortsgemeinde H\u00e4rtlingen, in der Region auch unter <em>Spatzenburg<\/em> bekannt, liegt im Elbbachtal und wurde erstmals urkundlich im Jahr 1292 unter den Namen <em>Hertlingen<\/em> erw\u00e4hnt. Heute hat die Ortsgemeinde rund 390 Einwohner\/innen, welche in den 6 Ortsteilen leben und ist Teil des Oberkirchspiels.<\/p>\n\n\n\n<p>Zwei der Ortsteile sind au\u00dferhalb gelegene Gutsh\u00f6fe, die eine beachtliche Historie aufweisen. Der \u00e4lteste Ortsteil, <em>Witzelbach, <\/em>ist ein heute noch aktiv bewirtschafteter Gutshof, der erstmals 1250 erw\u00e4hnt wurde. Heute ist auf dem Gel\u00e4nde ein barockes Hofanwesen aus dem 18. Jahrhundert zu sehen, welches eines der beiden Kulturdenkm\u00e4ler H\u00e4rtlingens ist. Das zweite Kulturdenkmal ist ein Herrenhaus, welches den Kern des Hofguts <em>Wester<\/em>t bildet, das Mitte des 16. Jahrhunderts errichtet wurde.<\/p>\n\n\n\n<p>Weitere Ortsteile sind die an Kaden grenzende Neum\u00fchle und das Zechenhaus, welches ein Relikt des Kohlebergbaus in der Region ist. Den Ortskern bilden <em>Spatzenburg<\/em> und das namensgebende Unterdorf <em>Hartlingen<\/em>.<\/p>\n\n\n\n<p>Das Dorfleben wird durch gr\u00f6\u00dfere und kleinere Veranstaltungen gepr\u00e4gt, welche meist von den ortsans\u00e4ssigen Vereinen durchgef\u00fchrt werden. Vor allem das \u00fcber die Verbandsgemeindegrenzen bekannte H\u00e4rtlinger Oktoberfest, welches durch die freiwillige Feuerwehr veranstaltet wird, lockt j\u00e4hrlich mehrere Tausend Besucher an. Zus\u00e4tzlich dazu veranstaltet der Karnevalsverein H\u00e4rtlingen SCV j\u00e4hrlich eine Kappensitzung. Erg\u00e4nzt wird das Vereinsleben vor Ort durch die Knobelfreunde H\u00e4rtlingen, die Gymnastikgruppe, die TG H\u00e4rtlingen, sowie das M\u00e4nnerballett.<\/p>\n\n\n\n<p>Bei einer Wanderung oder einer Fahrradtour \u00fcber die ehemalige Bahntrasse, den heutigen W\u00e4ller ALLEen-Weg, lohnt sich also ein Abstecher in die beschauliche Ortsgemeinde.<\/p>\n","protected":false},"excerpt":{"rendered":"<p>Die Ortsgemeinde H\u00e4rtlingen, in der Region auch unter Spatzenburg bekannt, liegt im Elbbachtal und wurde erstmals urkundlich im Jahr 1292 unter den Namen Hertlingen erw\u00e4hnt. Heute hat die Ortsgemeinde rund 390 Einwohner\/innen, welche in den 6 Ortsteilen leben und ist Teil des Oberkirchspiels. Zwei der Ortsteile sind au\u00dferhalb gelegene Gutsh\u00f6fe, die eine beachtliche Historie aufweisen. &hellip; <\/p>\n<p class=\"link-more\"><a href=\"https:\/\/haertlingen.de\/?page_id=24\" class=\"more-link\"><span class=\"screen-reader-text\">\u201e\u00dcber die Gemeinde\u201c<\/span> weiterlesen<\/a><\/p>\n","protected":false},"author":1,"featured_media":14,"parent":0,"menu_order":0,"comment_status":"closed","ping_status":"closed","template":"","meta":{"footnotes":""},"_links":{"self":[{"href":"https:\/\/haertlingen.de\/index.php?rest_route=\/wp\/v2\/pages\/24"}],"collection":[{"href":"https:\/\/haertlingen.de\/index.php?rest_route=\/wp\/v2\/pages"}],"about":[{"href":"https:\/\/haertlingen.de\/index.php?rest_route=\/wp\/v2\/types\/page"}],"author":[{"embeddable":true,"href":"https:\/\/haertlingen.de\/index.php?rest_route=\/wp\/v2\/users\/1"}],"replies":[{"embeddable":true,"href":"https:\/\/haertlingen.de\/index.php?rest_route=%2Fwp%2Fv2%2Fcomments&post=24"}],"version-history":[{"count":4,"href":"https:\/\/haertlingen.de\/index.php?rest_route=\/wp\/v2\/pages\/24\/revisions"}],"predecessor-version":[{"id":85,"href":"https:\/\/haertlingen.de\/index.php?rest_route=\/wp\/v2\/pages\/24\/revisions\/85"}],"wp:featuredmedia":[{"embeddable":true,"href":"https:\/\/haertlingen.de\/index.php?rest_route=\/wp\/v2\/media\/14"}],"wp:attachment":[{"href":"https:\/\/haertlingen.de\/index.php?rest_route=%2Fwp%2Fv2%2Fmedia&parent=24"}],"curies":[{"name":"wp","href":"https:\/\/api.w.org\/{rel}","templated":true}]}}