{"id":225,"date":"2024-06-07T16:40:58","date_gmt":"2024-06-07T16:40:58","guid":{"rendered":"https:\/\/haertlingen.de\/?page_id=225"},"modified":"2024-06-07T16:40:58","modified_gmt":"2024-06-07T16:40:58","slug":"bebauungsplaene","status":"publish","type":"page","link":"https:\/\/haertlingen.de\/?page_id=225","title":{"rendered":"Bebauungspl\u00e4ne"},"content":{"rendered":"\n<p>Hier finden Sie alle g\u00fcltigen Bebauungspl\u00e4ne der Ortsgemeinde<\/p>\n\n\n\n<p><a href=\"https:\/\/haertlingen.de\/wp-content\/uploads\/2022\/10\/1993-oberhaertlingen-aenderung-planzeichnung-1.pdf\">B-Plan Oberh\u00e4rtlingen 1993 Planzeichnung<\/a><\/p>\n\n\n\n<p><a href=\"https:\/\/haertlingen.de\/wp-content\/uploads\/2024\/06\/1993-oberhaertlingen-aenderung-test.pdf\">B-Plan Oberh\u00e4rtlingen 1993 Textfassung<\/a><\/p>\n\n\n\n<p><a href=\"https:\/\/haertlingen.de\/wp-content\/uploads\/2022\/11\/1994-auf-der-heide-planzeichnung.pdf\">B-Plan Auf der Heide 1994 Planzeichnung<\/a><\/p>\n\n\n\n<p><a href=\"https:\/\/haertlingen.de\/wp-content\/uploads\/2022\/11\/1997-auf-der-heide-aenderung-text.pdf\" data-type=\"link\" data-id=\"https:\/\/haertlingen.de\/wp-content\/uploads\/2022\/11\/1997-auf-der-heide-aenderung-text.pdf\">B-Plan Auf der Heide 1994 Textfassung<\/a><\/p>\n\n\n\n<p><a href=\"https:\/\/haertlingen.de\/wp-content\/uploads\/2022\/11\/1997-auf-der-heide-aenderung-planzeichnung.pdf\">B-Plan Auf der Heide \u00c4nderung 1997 Planzeichnung<\/a><\/p>\n\n\n\n<p><a href=\"https:\/\/haertlingen.de\/wp-content\/uploads\/2022\/11\/1997-auf-der-heide-aenderung-text.pdf\">B-Plan Auf der Heide \u00c4nderung 1997 Textfassung<\/a><\/p>\n\n\n\n<p><a href=\"https:\/\/haertlingen.de\/wp-content\/uploads\/2022\/11\/2001-im-grund-planzeichnung.pdf\">B-Plan Im Grund 2001 Planzeichnung<\/a><\/p>\n\n\n\n<p><a href=\"https:\/\/haertlingen.de\/wp-content\/uploads\/2022\/11\/2001-im-grund-textfestsetzung.pdf\">B-Plan Im Grund 2001 Textfassung<\/a><\/p>\n","protected":false},"excerpt":{"rendered":"<p>Hier finden Sie alle g\u00fcltigen Bebauungspl\u00e4ne der Ortsgemeinde B-Plan Oberh\u00e4rtlingen 1993 Planzeichnung B-Plan Oberh\u00e4rtlingen 1993 Textfassung B-Plan Auf der Heide 1994 Planzeichnung B-Plan Auf der Heide 1994 Textfassung B-Plan Auf der Heide \u00c4nderung 1997 Planzeichnung B-Plan Auf der Heide \u00c4nderung 1997 Textfassung B-Plan Im Grund 2001 Planzeichnung B-Plan Im Grund 2001 Textfassung<\/p>\n","protected":false},"author":2,"featured_media":0,"parent":0,"menu_order":0,"comment_status":"closed","ping_status":"closed","template":"","meta":{"footnotes":""},"_links":{"self":[{"href":"https:\/\/haertlingen.de\/index.php?rest_route=\/wp\/v2\/pages\/225"}],"collection":[{"href":"https:\/\/haertlingen.de\/index.php?rest_route=\/wp\/v2\/pages"}],"about":[{"href":"https:\/\/haertlingen.de\/index.php?rest_route=\/wp\/v2\/types\/page"}],"author":[{"embeddable":true,"href":"https:\/\/haertlingen.de\/index.php?rest_route=\/wp\/v2\/users\/2"}],"replies":[{"embeddable":true,"href":"https:\/\/haertlingen.de\/index.php?rest_route=%2Fwp%2Fv2%2Fcomments&post=225"}],"version-history":[{"count":1,"href":"https:\/\/haertlingen.de\/index.php?rest_route=\/wp\/v2\/pages\/225\/revisions"}],"predecessor-version":[{"id":228,"href":"https:\/\/haertlingen.de\/index.php?rest_route=\/wp\/v2\/pages\/225\/revisions\/228"}],"wp:attachment":[{"href":"https:\/\/haertlingen.de\/index.php?rest_route=%2Fwp%2Fv2%2Fmedia&parent=225"}],"curies":[{"name":"wp","href":"https:\/\/api.w.org\/{rel}","templated":true}]}}